{"id":127811,"date":"2023-08-16T17:57:37","date_gmt":"2023-08-16T17:57:37","guid":{"rendered":"https:\/\/h592592.web306.dogado.net\/?post_type=product&amp;p=127811"},"modified":"2023-09-14T09:48:41","modified_gmt":"2023-09-14T09:48:41","slug":"ueberfahrwand-4","status":"publish","type":"product","link":"http:\/\/h592592.web306.dogado.net\/?product=ueberfahrwand-4","title":{"rendered":"\u00dcberfahrwand"},"content":{"rendered":"","protected":false},"excerpt":{"rendered":"<p>wei\u00df anstatt T\u00fcre hinten, Belastbarkeit max. 500 kg, mit \u00dcberfahrspitz und Drehstangenverschluss<\/p>\n","protected":false},"featured_media":0,"comment_status":"open","ping_status":"closed","template":"","meta":[],"product_cat":[341],"product_tag":[],"acf":[],"_links":{"self":[{"href":"http:\/\/h592592.web306.dogado.net\/index.php?rest_route=\/wp\/v2\/product\/127811"}],"collection":[{"href":"http:\/\/h592592.web306.dogado.net\/index.php?rest_route=\/wp\/v2\/product"}],"about":[{"href":"http:\/\/h592592.web306.dogado.net\/index.php?rest_route=\/wp\/v2\/types\/product"}],"replies":[{"embeddable":true,"href":"http:\/\/h592592.web306.dogado.net\/index.php?rest_route=%2Fwp%2Fv2%2Fcomments&post=127811"}],"wp:attachment":[{"href":"http:\/\/h592592.web306.dogado.net\/index.php?rest_route=%2Fwp%2Fv2%2Fmedia&parent=127811"}],"wp:term":[{"taxonomy":"product_cat","embeddable":true,"href":"http:\/\/h592592.web306.dogado.net\/index.php?rest_route=%2Fwp%2Fv2%2Fproduct_cat&post=127811"},{"taxonomy":"product_tag","embeddable":true,"href":"http:\/\/h592592.web306.dogado.net\/index.php?rest_route=%2Fwp%2Fv2%2Fproduct_tag&post=127811"}],"curies":[{"name":"wp","href":"https:\/\/api.w.org\/{rel}","templated":true}]}}