{"id":127833,"date":"2023-08-16T17:57:38","date_gmt":"2023-08-16T17:57:38","guid":{"rendered":"https:\/\/h592592.web306.dogado.net\/?post_type=product&amp;p=127833"},"modified":"2023-09-14T09:48:42","modified_gmt":"2023-09-14T09:48:42","slug":"auffahrschienen","status":"publish","type":"product","link":"http:\/\/h592592.web306.dogado.net\/?product=auffahrschienen","title":{"rendered":"Auffahrschienen"},"content":{"rendered":"","protected":false},"excerpt":{"rendered":"<p>1 Paar Alu-Auffahrschienen 2,50 m \/ 2,8 t f\u00fcr serienm\u00e4\u00dfigen Schienenschacht<\/p>\n","protected":false},"featured_media":132257,"comment_status":"open","ping_status":"closed","template":"","meta":[],"product_cat":[341],"product_tag":[],"acf":[],"_links":{"self":[{"href":"http:\/\/h592592.web306.dogado.net\/index.php?rest_route=\/wp\/v2\/product\/127833"}],"collection":[{"href":"http:\/\/h592592.web306.dogado.net\/index.php?rest_route=\/wp\/v2\/product"}],"about":[{"href":"http:\/\/h592592.web306.dogado.net\/index.php?rest_route=\/wp\/v2\/types\/product"}],"replies":[{"embeddable":true,"href":"http:\/\/h592592.web306.dogado.net\/index.php?rest_route=%2Fwp%2Fv2%2Fcomments&post=127833"}],"wp:featuredmedia":[{"embeddable":true,"href":"http:\/\/h592592.web306.dogado.net\/index.php?rest_route=\/wp\/v2\/media\/132257"}],"wp:attachment":[{"href":"http:\/\/h592592.web306.dogado.net\/index.php?rest_route=%2Fwp%2Fv2%2Fmedia&parent=127833"}],"wp:term":[{"taxonomy":"product_cat","embeddable":true,"href":"http:\/\/h592592.web306.dogado.net\/index.php?rest_route=%2Fwp%2Fv2%2Fproduct_cat&post=127833"},{"taxonomy":"product_tag","embeddable":true,"href":"http:\/\/h592592.web306.dogado.net\/index.php?rest_route=%2Fwp%2Fv2%2Fproduct_tag&post=127833"}],"curies":[{"name":"wp","href":"https:\/\/api.w.org\/{rel}","templated":true}]}}