{"id":128055,"date":"2023-08-16T17:57:53","date_gmt":"2023-08-16T17:57:53","guid":{"rendered":"https:\/\/h592592.web306.dogado.net\/?post_type=product&amp;p=128055"},"modified":"2023-09-14T09:48:46","modified_gmt":"2023-09-14T09:48:46","slug":"kastenstuetzen-2-stueck","status":"publish","type":"product","link":"http:\/\/h592592.web306.dogado.net\/?product=kastenstuetzen-2-stueck","title":{"rendered":"Kastenst\u00fctzen (2 St\u00fcck)"},"content":{"rendered":"","protected":false},"excerpt":{"rendered":"<p>Kastenst\u00fctzen (2 St\u00fcck)<\/p>\n","protected":false},"featured_media":132285,"comment_status":"open","ping_status":"closed","template":"","meta":[],"product_cat":[341],"product_tag":[],"acf":[],"_links":{"self":[{"href":"http:\/\/h592592.web306.dogado.net\/index.php?rest_route=\/wp\/v2\/product\/128055"}],"collection":[{"href":"http:\/\/h592592.web306.dogado.net\/index.php?rest_route=\/wp\/v2\/product"}],"about":[{"href":"http:\/\/h592592.web306.dogado.net\/index.php?rest_route=\/wp\/v2\/types\/product"}],"replies":[{"embeddable":true,"href":"http:\/\/h592592.web306.dogado.net\/index.php?rest_route=%2Fwp%2Fv2%2Fcomments&post=128055"}],"wp:featuredmedia":[{"embeddable":true,"href":"http:\/\/h592592.web306.dogado.net\/index.php?rest_route=\/wp\/v2\/media\/132285"}],"wp:attachment":[{"href":"http:\/\/h592592.web306.dogado.net\/index.php?rest_route=%2Fwp%2Fv2%2Fmedia&parent=128055"}],"wp:term":[{"taxonomy":"product_cat","embeddable":true,"href":"http:\/\/h592592.web306.dogado.net\/index.php?rest_route=%2Fwp%2Fv2%2Fproduct_cat&post=128055"},{"taxonomy":"product_tag","embeddable":true,"href":"http:\/\/h592592.web306.dogado.net\/index.php?rest_route=%2Fwp%2Fv2%2Fproduct_tag&post=128055"}],"curies":[{"name":"wp","href":"https:\/\/api.w.org\/{rel}","templated":true}]}}