{"id":128107,"date":"2023-08-16T17:57:57","date_gmt":"2023-08-16T17:57:57","guid":{"rendered":"https:\/\/h592592.web306.dogado.net\/?post_type=product&amp;p=128107"},"modified":"2023-09-14T09:48:47","modified_gmt":"2023-09-14T09:48:47","slug":"stahlbordwaende-fuer-hk-3518","status":"publish","type":"product","link":"http:\/\/h592592.web306.dogado.net\/?product=stahlbordwaende-fuer-hk-3518","title":{"rendered":"Stahlbordw\u00e4nde f\u00fcr HK 3518"},"content":{"rendered":"","protected":false},"excerpt":{"rendered":"<p>Stahlbordw\u00e4nde f\u00fcr HK 3518&#8230; H\u00f6he 40 cm (Nutzlast-Verringerung um 50 kg)<\/p>\n","protected":false},"featured_media":132298,"comment_status":"open","ping_status":"closed","template":"","meta":[],"product_cat":[341],"product_tag":[],"acf":[],"_links":{"self":[{"href":"http:\/\/h592592.web306.dogado.net\/index.php?rest_route=\/wp\/v2\/product\/128107"}],"collection":[{"href":"http:\/\/h592592.web306.dogado.net\/index.php?rest_route=\/wp\/v2\/product"}],"about":[{"href":"http:\/\/h592592.web306.dogado.net\/index.php?rest_route=\/wp\/v2\/types\/product"}],"replies":[{"embeddable":true,"href":"http:\/\/h592592.web306.dogado.net\/index.php?rest_route=%2Fwp%2Fv2%2Fcomments&post=128107"}],"wp:featuredmedia":[{"embeddable":true,"href":"http:\/\/h592592.web306.dogado.net\/index.php?rest_route=\/wp\/v2\/media\/132298"}],"wp:attachment":[{"href":"http:\/\/h592592.web306.dogado.net\/index.php?rest_route=%2Fwp%2Fv2%2Fmedia&parent=128107"}],"wp:term":[{"taxonomy":"product_cat","embeddable":true,"href":"http:\/\/h592592.web306.dogado.net\/index.php?rest_route=%2Fwp%2Fv2%2Fproduct_cat&post=128107"},{"taxonomy":"product_tag","embeddable":true,"href":"http:\/\/h592592.web306.dogado.net\/index.php?rest_route=%2Fwp%2Fv2%2Fproduct_tag&post=128107"}],"curies":[{"name":"wp","href":"https:\/\/api.w.org\/{rel}","templated":true}]}}