{"id":128143,"date":"2023-08-16T17:57:59","date_gmt":"2023-08-16T17:57:59","guid":{"rendered":"https:\/\/h592592.web306.dogado.net\/?post_type=product&amp;p=128143"},"modified":"2023-09-14T09:48:49","modified_gmt":"2023-09-14T09:48:49","slug":"tempo-100-km-h-mit-radstossdaempfer","status":"publish","type":"product","link":"http:\/\/h592592.web306.dogado.net\/?product=tempo-100-km-h-mit-radstossdaempfer","title":{"rendered":"Tempo 100 km\/h mit Radsto\u00dfd\u00e4mpfer"},"content":{"rendered":"","protected":false},"excerpt":{"rendered":"<p>Tempo 100 km\/h mit Radsto\u00dfd\u00e4mpfer, Gutachten &#8211; f\u00fcr 1-Achser gebremst<\/p>\n","protected":false},"featured_media":132310,"comment_status":"open","ping_status":"closed","template":"","meta":[],"product_cat":[341],"product_tag":[],"acf":[],"_links":{"self":[{"href":"http:\/\/h592592.web306.dogado.net\/index.php?rest_route=\/wp\/v2\/product\/128143"}],"collection":[{"href":"http:\/\/h592592.web306.dogado.net\/index.php?rest_route=\/wp\/v2\/product"}],"about":[{"href":"http:\/\/h592592.web306.dogado.net\/index.php?rest_route=\/wp\/v2\/types\/product"}],"replies":[{"embeddable":true,"href":"http:\/\/h592592.web306.dogado.net\/index.php?rest_route=%2Fwp%2Fv2%2Fcomments&post=128143"}],"wp:featuredmedia":[{"embeddable":true,"href":"http:\/\/h592592.web306.dogado.net\/index.php?rest_route=\/wp\/v2\/media\/132310"}],"wp:attachment":[{"href":"http:\/\/h592592.web306.dogado.net\/index.php?rest_route=%2Fwp%2Fv2%2Fmedia&parent=128143"}],"wp:term":[{"taxonomy":"product_cat","embeddable":true,"href":"http:\/\/h592592.web306.dogado.net\/index.php?rest_route=%2Fwp%2Fv2%2Fproduct_cat&post=128143"},{"taxonomy":"product_tag","embeddable":true,"href":"http:\/\/h592592.web306.dogado.net\/index.php?rest_route=%2Fwp%2Fv2%2Fproduct_tag&post=128143"}],"curies":[{"name":"wp","href":"https:\/\/api.w.org\/{rel}","templated":true}]}}