{"id":129708,"date":"2023-08-16T17:58:57","date_gmt":"2023-08-16T17:58:57","guid":{"rendered":"https:\/\/h592592.web306.dogado.net\/?post_type=product&amp;p=129708"},"modified":"2023-09-14T09:48:53","modified_gmt":"2023-09-14T09:48:53","slug":"equitos-alu-paket-2-sommer-aktion","status":"publish","type":"product","link":"http:\/\/h592592.web306.dogado.net\/?product=equitos-alu-paket-2-sommer-aktion","title":{"rendered":"Equitos Alu Paket 2 &#8211; Sommer Aktion"},"content":{"rendered":"<p><strong>Ausstattungspaket 2<\/strong><\/p>\n<p>Radsto\u00dfd\u00e4mpfer f\u00fcr 100 km\/h\u00a0 (100 km\/h f\u00fcr Deutschland)<\/p>\n<p>Seitentrittschutz<\/p>\n<p>Heckklappe mit integrierten Trittleisten<\/p>\n<p>H\u00f6hen &#8211; und L\u00e4ngsverstellbare Heck- und Bruststangen<\/p>\n","protected":false},"excerpt":{"rendered":"<p>Ausstattungspaket 2 Radsto\u00dfd\u00e4mpfer f\u00fcr 100 km\/h\u00a0 (100 km\/h f\u00fcr Deutschland) Seitentrittschutz Heckklappe mit integrierten Trittleisten H\u00f6hen &#8211; und L\u00e4ngsverstellbare Heck- und Bruststangen<\/p>\n","protected":false},"featured_media":132604,"comment_status":"open","ping_status":"closed","template":"","meta":[],"product_cat":[341],"product_tag":[],"acf":[],"_links":{"self":[{"href":"http:\/\/h592592.web306.dogado.net\/index.php?rest_route=\/wp\/v2\/product\/129708"}],"collection":[{"href":"http:\/\/h592592.web306.dogado.net\/index.php?rest_route=\/wp\/v2\/product"}],"about":[{"href":"http:\/\/h592592.web306.dogado.net\/index.php?rest_route=\/wp\/v2\/types\/product"}],"replies":[{"embeddable":true,"href":"http:\/\/h592592.web306.dogado.net\/index.php?rest_route=%2Fwp%2Fv2%2Fcomments&post=129708"}],"wp:featuredmedia":[{"embeddable":true,"href":"http:\/\/h592592.web306.dogado.net\/index.php?rest_route=\/wp\/v2\/media\/132604"}],"wp:attachment":[{"href":"http:\/\/h592592.web306.dogado.net\/index.php?rest_route=%2Fwp%2Fv2%2Fmedia&parent=129708"}],"wp:term":[{"taxonomy":"product_cat","embeddable":true,"href":"http:\/\/h592592.web306.dogado.net\/index.php?rest_route=%2Fwp%2Fv2%2Fproduct_cat&post=129708"},{"taxonomy":"product_tag","embeddable":true,"href":"http:\/\/h592592.web306.dogado.net\/index.php?rest_route=%2Fwp%2Fv2%2Fproduct_tag&post=129708"}],"curies":[{"name":"wp","href":"https:\/\/api.w.org\/{rel}","templated":true}]}}