{"id":133059,"date":"2023-09-14T09:44:30","date_gmt":"2023-09-14T09:44:30","guid":{"rendered":"http:\/\/h592592.web306.dogado.net\/?post_type=product&#038;p=133059"},"modified":"2023-09-14T10:45:03","modified_gmt":"2023-09-14T10:45:03","slug":"einachs-kabeltrommelanhaenger","status":"publish","type":"product","link":"http:\/\/h592592.web306.dogado.net\/?product=einachs-kabeltrommelanhaenger","title":{"rendered":"Einachs Kabeltrommelanh\u00e4nger"},"content":{"rendered":"<p>Serienm\u00e4\u00dfige Ausstattung: Massive geschwei\u00dfte Stahlrohr Rahmenkonstruktion im Tauchbad feuerverzinkt. Gummifederachsen mit Einzelradaufh\u00e4ngung f\u00fcr besseren Fahrkomfort. 2 Rad gebremst mit R\u00fcckfahrautomatik. V-Deichsel Sicherheitskupplung mit Sicherheitsanzeige. ausgelegt f\u00fcr Kabeltrommeln bis zu einem Durchmesser von ca. 1,60\u00a0 m und einer Breite von ca. 1,30 m. Durchmesser der Rohraufnahme ca. 60 mm. Handliche Bedienung der Aufnahmeeinrichtung mit und ohne Kabeltrommel. Trommelaufnahme h\u00f6henverstellbar f\u00fcr kleinere Trommel. den Schwerpunkt nach unten setzbar. Spielfreie Lagerung und Sicherung der Trommel durch Fixierung. Robuste und Wartungsfreie Handseilwinde Zugkraft ca. 2. 300 kg\u00a0. 2 Massive Teleskopkurbelst\u00fctzen schwenkbar f\u00fcr eine schnelle und einfache Bedienung. Robuste Alu Riffelblech Kotfl\u00fcgel, begehbar. Sicherheitsbeleuchtung hinten links und rechts gesch\u00fctzt verBaut inkl. Positionsleuchten. Schwerlast Automatik-St\u00fctzrad. <\/p>\n","protected":false},"excerpt":{"rendered":"<p>Serienm\u00e4\u00dfige Ausstattung: Massive geschwei\u00dfte Stahlrohr Rahmenkonstruktion im Tauchbad feuerverzinkt. Gummifederachsen mit Einzelradaufh\u00e4ngung f\u00fcr besseren Fahrkomfort. 2 Rad gebremst mit R\u00fcckfahrautomatik. V-Deichsel Sicherheitskupplung mit Sicherheitsanzeige. ausgelegt f\u00fcr Kabeltrommeln bis zu einem Durchmesser von ca. 1,60\u00a0 m und einer Breite von ca. 1,30 m. Durchmesser der Rohraufnahme ca. 60 mm. Handliche Bedienung der Aufnahmeeinrichtung mit und ohne [&hellip;]<\/p>\n","protected":false},"featured_media":132661,"comment_status":"open","ping_status":"closed","template":"","meta":[],"product_cat":[90],"product_tag":[],"acf":[],"_links":{"self":[{"href":"http:\/\/h592592.web306.dogado.net\/index.php?rest_route=\/wp\/v2\/product\/133059"}],"collection":[{"href":"http:\/\/h592592.web306.dogado.net\/index.php?rest_route=\/wp\/v2\/product"}],"about":[{"href":"http:\/\/h592592.web306.dogado.net\/index.php?rest_route=\/wp\/v2\/types\/product"}],"replies":[{"embeddable":true,"href":"http:\/\/h592592.web306.dogado.net\/index.php?rest_route=%2Fwp%2Fv2%2Fcomments&post=133059"}],"wp:featuredmedia":[{"embeddable":true,"href":"http:\/\/h592592.web306.dogado.net\/index.php?rest_route=\/wp\/v2\/media\/132661"}],"wp:attachment":[{"href":"http:\/\/h592592.web306.dogado.net\/index.php?rest_route=%2Fwp%2Fv2%2Fmedia&parent=133059"}],"wp:term":[{"taxonomy":"product_cat","embeddable":true,"href":"http:\/\/h592592.web306.dogado.net\/index.php?rest_route=%2Fwp%2Fv2%2Fproduct_cat&post=133059"},{"taxonomy":"product_tag","embeddable":true,"href":"http:\/\/h592592.web306.dogado.net\/index.php?rest_route=%2Fwp%2Fv2%2Fproduct_tag&post=133059"}],"curies":[{"name":"wp","href":"https:\/\/api.w.org\/{rel}","templated":true}]}}