{"id":133064,"date":"2023-09-14T09:44:31","date_gmt":"2023-09-14T09:44:31","guid":{"rendered":"http:\/\/h592592.web306.dogado.net\/?post_type=product&#038;p=133064"},"modified":"2023-09-14T10:45:10","modified_gmt":"2023-09-14T10:45:10","slug":"stedele-werkstattanhaenger-profi-tank","status":"publish","type":"product","link":"http:\/\/h592592.web306.dogado.net\/?product=stedele-werkstattanhaenger-profi-tank","title":{"rendered":"Stedele Werkstattanh\u00e4nger Profi + Tank"},"content":{"rendered":"<p>Serienm\u00e4\u00dfige Ausstattung: Stabiler, geschweisster Stahl Grundrahmen komplett feuerverzinkt. Tandem Achsen, gefedert mit Einzelradaufh\u00e4ngung und wartungsfreien Radlagern. Boden aus 15mm dicken, wetterfest verleimten Siebdruckplatten. Bodenbelag: Alu-Riffelblech verklebt und verschraubt. AufBau aus doppelwandigen Aluminiumprofile.  1,40m hoch. Seitlich geteilte Bordwand, Oberteil mit Gasfedern gehalten. Oberere Klappe mit Regenschutzleiste zwischen AufBau und klappe. 4 geh\u00e4rtete Stahldiskusschl\u00f6sser an den Bordw\u00e4nden mit gesch\u00fctztem Angriffspunkt. 2 Zylinderschl\u00f6sser an den Bordw\u00e4nden. 1 Diebstahlsicherung mit Diskussschloss an der Zugkugelkupplung. EingeBauter 2 x 325 l-Tank unter der Ladefl\u00e4che, eingetragen f\u00fcr Bio-Diesel. Dieselpumpe mit Automatik Zapfpistole, wahlweise 12 oder 24 Volt.\u00a02 Neonlampen mit Schalter und 2 Steckdosen innen eingeBaut.\u00a0AufBau lackiert in RAL. Einrichtung bestehend aus: Branchenblock (Schubschrank, Lagerkasten, Trennwand ). Werkbank mit Schraubstock. 3\u00a0Schlauchhalter an der Trennwand. Wasserzapfset mit Seifenspender und Handtuchabroller<\/p>\n","protected":false},"excerpt":{"rendered":"<p>F\u00f6rderf\u00e4hig im Bundesprogramm: Investitionszusch\u00fcsse f\u00fcr die nachhaltige Waldwirtschaft. Preis aktuell auf Anfrage.<\/p>\n","protected":false},"featured_media":132710,"comment_status":"open","ping_status":"closed","template":"","meta":[],"product_cat":[181],"product_tag":[],"acf":[],"_links":{"self":[{"href":"http:\/\/h592592.web306.dogado.net\/index.php?rest_route=\/wp\/v2\/product\/133064"}],"collection":[{"href":"http:\/\/h592592.web306.dogado.net\/index.php?rest_route=\/wp\/v2\/product"}],"about":[{"href":"http:\/\/h592592.web306.dogado.net\/index.php?rest_route=\/wp\/v2\/types\/product"}],"replies":[{"embeddable":true,"href":"http:\/\/h592592.web306.dogado.net\/index.php?rest_route=%2Fwp%2Fv2%2Fcomments&post=133064"}],"wp:featuredmedia":[{"embeddable":true,"href":"http:\/\/h592592.web306.dogado.net\/index.php?rest_route=\/wp\/v2\/media\/132710"}],"wp:attachment":[{"href":"http:\/\/h592592.web306.dogado.net\/index.php?rest_route=%2Fwp%2Fv2%2Fmedia&parent=133064"}],"wp:term":[{"taxonomy":"product_cat","embeddable":true,"href":"http:\/\/h592592.web306.dogado.net\/index.php?rest_route=%2Fwp%2Fv2%2Fproduct_cat&post=133064"},{"taxonomy":"product_tag","embeddable":true,"href":"http:\/\/h592592.web306.dogado.net\/index.php?rest_route=%2Fwp%2Fv2%2Fproduct_tag&post=133064"}],"curies":[{"name":"wp","href":"https:\/\/api.w.org\/{rel}","templated":true}]}}