{"id":133065,"date":"2023-09-14T09:44:31","date_gmt":"2023-09-14T09:44:31","guid":{"rendered":"http:\/\/h592592.web306.dogado.net\/?post_type=product&#038;p=133065"},"modified":"2023-09-14T09:52:01","modified_gmt":"2023-09-14T09:52:01","slug":"maschinentransporter-mit-auffahrschienen-unter-der-ladeflaeche","status":"publish","type":"product","link":"http:\/\/h592592.web306.dogado.net\/?product=maschinentransporter-mit-auffahrschienen-unter-der-ladeflaeche","title":{"rendered":"Maschinentransporter mit Auffahrschienen unter der Ladefl\u00e4che"},"content":{"rendered":"<p>Serienm\u00e4\u00dfige Ausstattung. Hochwertig geschwei\u00dfte Konstruktion, im Tauchbad feuerverzinkt. Mehrere L\u00e4ngs- und Querverstrebungen. Achsabstand 90 cm f\u00fcr h\u00f6here Schwerpunktverteilung und besserer Fahrstabilit\u00e4t Gummifederachsen mit Einzelradaufh\u00e4ngung f\u00fcr besseren Fahrkomfort. 4-Rad gebremst mit R\u00fcckfahrautomatik. Profi Longlife Bremsseile f\u00fcr l\u00e4ngere Lebensdauer und bessere Bremswirkung. V-Deichsel. Sicherheitskupplung mit Sicherheitsanzeige. Bodenplatte 18 mm stark, aus wetterfest verleimter Siebdruckplatte, rutschhemmend. Aluminiumbordw\u00e4nde 35 cm hoch abklappbar und abnehmbar. Eloxierte \u00a0 Bordwandprofile 25 mm stark. Riegelverschl\u00fcsse \u00a0 mit Stahlgriff. Alu \u00a0 Auffahrschienen 2,50 m lang, Tragkraft 2. 800 kg unter der Ladefl\u00e4che \u00a0 einschiebbrar. 2 Schwerlast Teleskopkurbelst\u00fctzen &#8211; schwenkbar. Gro\u00dfdimensionierte LED Sicherheitsbeleuchtung gesch\u00fctzt im Leuchtentr\u00e4ger integriert mit 13-poligen Stecker und R\u00fcckfahrscheinwerfer Ladungssicherungssystem:10 Zurrb\u00fcgel innen zur Ladungssicherung.4 Schwerlast-Zurr\u00f6sen im Boden versenkt. Schwerlast Automatik St\u00fctzrad 500 kg und Unterlegkeile.<\/p>\n","protected":false},"excerpt":{"rendered":"<p>Serienm\u00e4\u00dfige Ausstattung. Hochwertig geschwei\u00dfte Konstruktion, im Tauchbad feuerverzinkt. Mehrere L\u00e4ngs- und Querverstrebungen. Achsabstand 90 cm f\u00fcr h\u00f6here Schwerpunktverteilung und besserer Fahrstabilit\u00e4t Gummifederachsen mit Einzelradaufh\u00e4ngung f\u00fcr besseren Fahrkomfort. 4-Rad gebremst mit R\u00fcckfahrautomatik. Profi Longlife Bremsseile f\u00fcr l\u00e4ngere Lebensdauer und bessere Bremswirkung. V-Deichsel. Sicherheitskupplung mit Sicherheitsanzeige. Bodenplatte 18 mm stark, aus wetterfest verleimter Siebdruckplatte, rutschhemmend. Aluminiumbordw\u00e4nde 35 [&hellip;]<\/p>\n","protected":false},"featured_media":131968,"comment_status":"open","ping_status":"closed","template":"","meta":[],"product_cat":[143],"product_tag":[],"acf":[],"_links":{"self":[{"href":"http:\/\/h592592.web306.dogado.net\/index.php?rest_route=\/wp\/v2\/product\/133065"}],"collection":[{"href":"http:\/\/h592592.web306.dogado.net\/index.php?rest_route=\/wp\/v2\/product"}],"about":[{"href":"http:\/\/h592592.web306.dogado.net\/index.php?rest_route=\/wp\/v2\/types\/product"}],"replies":[{"embeddable":true,"href":"http:\/\/h592592.web306.dogado.net\/index.php?rest_route=%2Fwp%2Fv2%2Fcomments&post=133065"}],"wp:featuredmedia":[{"embeddable":true,"href":"http:\/\/h592592.web306.dogado.net\/index.php?rest_route=\/wp\/v2\/media\/131968"}],"wp:attachment":[{"href":"http:\/\/h592592.web306.dogado.net\/index.php?rest_route=%2Fwp%2Fv2%2Fmedia&parent=133065"}],"wp:term":[{"taxonomy":"product_cat","embeddable":true,"href":"http:\/\/h592592.web306.dogado.net\/index.php?rest_route=%2Fwp%2Fv2%2Fproduct_cat&post=133065"},{"taxonomy":"product_tag","embeddable":true,"href":"http:\/\/h592592.web306.dogado.net\/index.php?rest_route=%2Fwp%2Fv2%2Fproduct_tag&post=133065"}],"curies":[{"name":"wp","href":"https:\/\/api.w.org\/{rel}","templated":true}]}}