{"id":133067,"date":"2023-09-14T09:44:32","date_gmt":"2023-09-14T09:44:32","guid":{"rendered":"http:\/\/h592592.web306.dogado.net\/?post_type=product&#038;p=133067"},"modified":"2023-09-14T09:52:01","modified_gmt":"2023-09-14T09:52:01","slug":"tridem-hochlader-2","status":"publish","type":"product","link":"http:\/\/h592592.web306.dogado.net\/?product=tridem-hochlader-2","title":{"rendered":"Tridem Hochlader"},"content":{"rendered":"<p>Serienm\u00e4\u00dfige Ausstattung: Hochwertig geschwei\u00dfte Stahlrohrrahmenkonstruktion, im Tauchbad feuerverzinkt. Mehrere L\u00e4ngs- und Querverstrebungen. Gummifederachsen mit Einzelradaufh\u00e4ngung f\u00fcr besseren Fahrkomfort. 6-Rad gebremst mit R\u00fcckfahrautomatik. Profi Longlife Bremsseile f\u00fcr l\u00e4ngere Lebensdauer und bessere Bremswirkung. V-Deichsel. Sicherheitskupplung mit Sicherheitsanzeige. Bodenplatte 18 mm stark, aus wetterfest verleimter Siebdruckplatte, rutschhemmend. Aluminiumbordw\u00e4nde 35 cm hoch, an allen 4 Seiten abklappbar und abnehmbar. Bordw\u00e4nde geteilt mit Mittelrunge. Eloxierte Bordwandprofile 25 mm stark. Spannverschl\u00fcsse. Abnehmbare Stahlrungen, feuerverzinkt. Gro\u00dfdimensionierte Sicherheitsbeleuchtung gesch\u00fctzt im Leuchtentr\u00e4ger integriert mit 13-poligen Stecker und R\u00fcckfahrscheinwerfer. Ladungssicherungssystem: 16 Zurrb\u00fcgel innen zur Ladungssicherung. Automatikst\u00fctzrad und Unterlegkeile \u00a0. <\/p>\n","protected":false},"excerpt":{"rendered":"<p>Serienm\u00e4\u00dfige Ausstattung: Hochwertig geschwei\u00dfte Stahlrohrrahmenkonstruktion, im Tauchbad feuerverzinkt. Mehrere L\u00e4ngs- und Querverstrebungen. Gummifederachsen mit Einzelradaufh\u00e4ngung f\u00fcr besseren Fahrkomfort. 6-Rad gebremst mit R\u00fcckfahrautomatik. Profi Longlife Bremsseile f\u00fcr l\u00e4ngere Lebensdauer und bessere Bremswirkung. V-Deichsel. Sicherheitskupplung mit Sicherheitsanzeige. Bodenplatte 18 mm stark, aus wetterfest verleimter Siebdruckplatte, rutschhemmend. Aluminiumbordw\u00e4nde 35 cm hoch, an allen 4 Seiten abklappbar und abnehmbar. [&hellip;]<\/p>\n","protected":false},"featured_media":132023,"comment_status":"open","ping_status":"closed","template":"","meta":[],"product_cat":[433],"product_tag":[],"acf":[],"_links":{"self":[{"href":"http:\/\/h592592.web306.dogado.net\/index.php?rest_route=\/wp\/v2\/product\/133067"}],"collection":[{"href":"http:\/\/h592592.web306.dogado.net\/index.php?rest_route=\/wp\/v2\/product"}],"about":[{"href":"http:\/\/h592592.web306.dogado.net\/index.php?rest_route=\/wp\/v2\/types\/product"}],"replies":[{"embeddable":true,"href":"http:\/\/h592592.web306.dogado.net\/index.php?rest_route=%2Fwp%2Fv2%2Fcomments&post=133067"}],"wp:featuredmedia":[{"embeddable":true,"href":"http:\/\/h592592.web306.dogado.net\/index.php?rest_route=\/wp\/v2\/media\/132023"}],"wp:attachment":[{"href":"http:\/\/h592592.web306.dogado.net\/index.php?rest_route=%2Fwp%2Fv2%2Fmedia&parent=133067"}],"wp:term":[{"taxonomy":"product_cat","embeddable":true,"href":"http:\/\/h592592.web306.dogado.net\/index.php?rest_route=%2Fwp%2Fv2%2Fproduct_cat&post=133067"},{"taxonomy":"product_tag","embeddable":true,"href":"http:\/\/h592592.web306.dogado.net\/index.php?rest_route=%2Fwp%2Fv2%2Fproduct_tag&post=133067"}],"curies":[{"name":"wp","href":"https:\/\/api.w.org\/{rel}","templated":true}]}}