{"id":133068,"date":"2023-09-14T09:44:32","date_gmt":"2023-09-14T09:44:32","guid":{"rendered":"http:\/\/h592592.web306.dogado.net\/?post_type=product&#038;p=133068"},"modified":"2023-09-14T10:44:45","modified_gmt":"2023-09-14T10:44:45","slug":"kabeltrommelanhaenger-2","status":"publish","type":"product","link":"http:\/\/h592592.web306.dogado.net\/?product=kabeltrommelanhaenger-2","title":{"rendered":"Kabeltrommelanh\u00e4nger"},"content":{"rendered":"<p>Massiv geschwei\u00dfte Stahlrohrkonstruktion im Tauchbad feuerverzinkt. Gummifederachsen mit Einzelradaufh\u00e4ngung f\u00fcr besseren Fahrkomfort. 4 Rad gebremst mit R\u00fcckfahrautomatik. V-Deichsel. Sicherheitskupplung mit Sicherheitsanzeige. Augelegt f\u00fcr Kabeltrommerln bis zu einem Durchsmesser von ca. 2,80m und einer Breite von ca. 1,65m Durchmesser der Rohraufnahme ca. 80mm. Handliche Bedienung der Aufnahmeeinrichtung mit und ohne Kabeltrommel. Spielfreie Lagerung und Sicherung der Trommel durch Fixierung. Robuste und wartungsfreie Handseilwinde Zugkraft ca. 2. 300 kg. Robuste Alu-Riffelblech Kotfl\u00fcgel, begehbar. Sicherheitsbeleuchtung hinten links und rechts gesch\u00fctzt verBaut inkl. Positionsleuchten. Schwerlast Automatik-St\u00fctzrad. <\/p>\n","protected":false},"excerpt":{"rendered":"<p>Massiv geschwei\u00dfte Stahlrohrkonstruktion im Tauchbad feuerverzinkt. Gummifederachsen mit Einzelradaufh\u00e4ngung f\u00fcr besseren Fahrkomfort. 4 Rad gebremst mit R\u00fcckfahrautomatik. V-Deichsel. Sicherheitskupplung mit Sicherheitsanzeige. Augelegt f\u00fcr Kabeltrommerln bis zu einem Durchsmesser von ca. 2,80m und einer Breite von ca. 1,65m Durchmesser der Rohraufnahme ca. 80mm. Handliche Bedienung der Aufnahmeeinrichtung mit und ohne Kabeltrommel. Spielfreie Lagerung und Sicherung der [&hellip;]<\/p>\n","protected":false},"featured_media":131951,"comment_status":"open","ping_status":"closed","template":"","meta":[],"product_cat":[90],"product_tag":[],"acf":[],"_links":{"self":[{"href":"http:\/\/h592592.web306.dogado.net\/index.php?rest_route=\/wp\/v2\/product\/133068"}],"collection":[{"href":"http:\/\/h592592.web306.dogado.net\/index.php?rest_route=\/wp\/v2\/product"}],"about":[{"href":"http:\/\/h592592.web306.dogado.net\/index.php?rest_route=\/wp\/v2\/types\/product"}],"replies":[{"embeddable":true,"href":"http:\/\/h592592.web306.dogado.net\/index.php?rest_route=%2Fwp%2Fv2%2Fcomments&post=133068"}],"wp:featuredmedia":[{"embeddable":true,"href":"http:\/\/h592592.web306.dogado.net\/index.php?rest_route=\/wp\/v2\/media\/131951"}],"wp:attachment":[{"href":"http:\/\/h592592.web306.dogado.net\/index.php?rest_route=%2Fwp%2Fv2%2Fmedia&parent=133068"}],"wp:term":[{"taxonomy":"product_cat","embeddable":true,"href":"http:\/\/h592592.web306.dogado.net\/index.php?rest_route=%2Fwp%2Fv2%2Fproduct_cat&post=133068"},{"taxonomy":"product_tag","embeddable":true,"href":"http:\/\/h592592.web306.dogado.net\/index.php?rest_route=%2Fwp%2Fv2%2Fproduct_tag&post=133068"}],"curies":[{"name":"wp","href":"https:\/\/api.w.org\/{rel}","templated":true}]}}