{"id":133071,"date":"2023-09-14T09:44:32","date_gmt":"2023-09-14T09:44:32","guid":{"rendered":"http:\/\/h592592.web306.dogado.net\/?post_type=product&#038;p=133071"},"modified":"2023-09-14T09:52:01","modified_gmt":"2023-09-14T09:52:01","slug":"einachs-hochlader","status":"publish","type":"product","link":"http:\/\/h592592.web306.dogado.net\/?product=einachs-hochlader","title":{"rendered":"Einachs-Hochlader"},"content":{"rendered":"<p>Serienm\u00e4\u00dfige Ausstattung: Wartungsfreie Gummifederachse mit massiven feuerverzinktem Achsk\u00f6rper und robusten Auflagen. Einzelradaufh\u00e4ngung f\u00fcr sch\u00f6nsten Fahrkomfort. Wartungsfreie wassergesch\u00fctzte hochleistungs Radlager. 2 Rad gebremst mit R\u00fcckfahrautomatik und Feststellbremse. Asbestfreie Bremsbel\u00e4ge, Innenteile der Radbremse galvanisch verzinkt. Kunststoffkotfl\u00fcgel sto\u00df- und bruchsicher. Massive Stahlrohrdeichsel f\u00fcr mehr Wendigkeit beim Rangieren. Sicherheitskupplung mit Automatikverriegelung und Verschlei\u00dfanzeige. Bodenplatte aus mehrfachverleimter wetterfester Siebdruckplatte\u00a018 mm stark. Aluminium Doppelkammerbordwand eloxiert. Aluminiumbordw\u00e4nde.  H\u00f6he 35 cm &#8211; an allen 4 Seiten abklappbar und abnehmbar. 8\u00a0Zurrb\u00fcgel zur Ladungssicherung. Beleuchtungsanlage nach StVZO gesch\u00fctzt im Leuchtentr\u00e4ger montiert mit Stecker 13 pol. und R\u00fcckfahrscheinwerfer. <\/p>\n","protected":false},"excerpt":{"rendered":"<p>Alle Bordw\u00e4nde abnehmbar.  <\/p>\n","protected":false},"featured_media":132042,"comment_status":"open","ping_status":"closed","template":"","meta":[],"product_cat":[433],"product_tag":[],"acf":[],"_links":{"self":[{"href":"http:\/\/h592592.web306.dogado.net\/index.php?rest_route=\/wp\/v2\/product\/133071"}],"collection":[{"href":"http:\/\/h592592.web306.dogado.net\/index.php?rest_route=\/wp\/v2\/product"}],"about":[{"href":"http:\/\/h592592.web306.dogado.net\/index.php?rest_route=\/wp\/v2\/types\/product"}],"replies":[{"embeddable":true,"href":"http:\/\/h592592.web306.dogado.net\/index.php?rest_route=%2Fwp%2Fv2%2Fcomments&post=133071"}],"wp:featuredmedia":[{"embeddable":true,"href":"http:\/\/h592592.web306.dogado.net\/index.php?rest_route=\/wp\/v2\/media\/132042"}],"wp:attachment":[{"href":"http:\/\/h592592.web306.dogado.net\/index.php?rest_route=%2Fwp%2Fv2%2Fmedia&parent=133071"}],"wp:term":[{"taxonomy":"product_cat","embeddable":true,"href":"http:\/\/h592592.web306.dogado.net\/index.php?rest_route=%2Fwp%2Fv2%2Fproduct_cat&post=133071"},{"taxonomy":"product_tag","embeddable":true,"href":"http:\/\/h592592.web306.dogado.net\/index.php?rest_route=%2Fwp%2Fv2%2Fproduct_tag&post=133071"}],"curies":[{"name":"wp","href":"https:\/\/api.w.org\/{rel}","templated":true}]}}