{"id":133083,"date":"2023-09-14T09:44:34","date_gmt":"2023-09-14T09:44:34","guid":{"rendered":"http:\/\/h592592.web306.dogado.net\/?post_type=product&#038;p=133083"},"modified":"2023-09-14T09:52:03","modified_gmt":"2023-09-14T09:52:03","slug":"einachsrueckwaertskipper-alu","status":"publish","type":"product","link":"http:\/\/h592592.web306.dogado.net\/?product=einachsrueckwaertskipper-alu","title":{"rendered":"Einachsr\u00fcckw\u00e4rtskipper Alu"},"content":{"rendered":"<p>Serienm\u00e4\u00dfige Ausstattung. Hochwertig geschwei\u00dfte Stahl-Rahmenkonstruktion, komplett\u00a0im Tauchbad feuerverzinkt. Mehrere L\u00e4ngs- und Querverstrebungen. Gummifederachse mit Einzelradaufh\u00e4ngung f\u00fcr besseren Fahrkomfort. 2-Rad gebremst mit R\u00fcckfahrautomatik. Profi-Longlife Bremsseile f\u00fcr l\u00e4ngere Lebensdauer und bessere Bremswirkung. Dickwandiges 4-Kant Zugrohr f\u00fcr mehr Wendigkeit beim Rangieren und ruhigen Fahrkomfort. Zugkugelkupplung mit Sicherheitsanzeige. Stahlboden, komplett im Tauchbad feuerverzinkt. Ladefl\u00e4che nach hinten abkippbar mit leistungsstarker Hydraulikanlage. Aluminiumbordw\u00e4nde 35 cm hoch, an allen 4 Seiten abklappbar und abnehmbar f\u00fcr leichtes Be- und Entladen. 25 mm stark eloxiertes Bordwandprofil, somit Best\u00e4ndig gegen Witterung und Korrosion. Stahlrungen feuerverzinkt, abnehmbar. Versenkter Stahl-Riegelverschluss, verzinkt. Gro\u00dfdimensionierte Sicherheitsbeleuchtung gesch\u00fctzt im Leuchtentr\u00e4ger integriert mit 13-poligen Stecker und R\u00fcckfahrscheinwerfer. Schwerlast Automatik-St\u00fctzrad. Unterlegkeile. <span style=\"text-decoration: underline. \">Ladungssicherungssystem:\u00a0. 6\u00a0Zurrb\u00fcgel innen\u00a0zur Ladungssicherung. <\/p>\n","protected":false},"excerpt":{"rendered":"<p>Einachsr\u00fcckw\u00e4rtskipper Alu Ausf\u00fchrung. Alle Bordw\u00e4nde abnehmbar<\/p>\n","protected":false},"featured_media":132738,"comment_status":"open","ping_status":"closed","template":"","meta":[],"product_cat":[432],"product_tag":[],"acf":[],"_links":{"self":[{"href":"http:\/\/h592592.web306.dogado.net\/index.php?rest_route=\/wp\/v2\/product\/133083"}],"collection":[{"href":"http:\/\/h592592.web306.dogado.net\/index.php?rest_route=\/wp\/v2\/product"}],"about":[{"href":"http:\/\/h592592.web306.dogado.net\/index.php?rest_route=\/wp\/v2\/types\/product"}],"replies":[{"embeddable":true,"href":"http:\/\/h592592.web306.dogado.net\/index.php?rest_route=%2Fwp%2Fv2%2Fcomments&post=133083"}],"wp:featuredmedia":[{"embeddable":true,"href":"http:\/\/h592592.web306.dogado.net\/index.php?rest_route=\/wp\/v2\/media\/132738"}],"wp:attachment":[{"href":"http:\/\/h592592.web306.dogado.net\/index.php?rest_route=%2Fwp%2Fv2%2Fmedia&parent=133083"}],"wp:term":[{"taxonomy":"product_cat","embeddable":true,"href":"http:\/\/h592592.web306.dogado.net\/index.php?rest_route=%2Fwp%2Fv2%2Fproduct_cat&post=133083"},{"taxonomy":"product_tag","embeddable":true,"href":"http:\/\/h592592.web306.dogado.net\/index.php?rest_route=%2Fwp%2Fv2%2Fproduct_tag&post=133083"}],"curies":[{"name":"wp","href":"https:\/\/api.w.org\/{rel}","templated":true}]}}