{"id":133088,"date":"2023-09-14T09:44:35","date_gmt":"2023-09-14T09:44:35","guid":{"rendered":"http:\/\/h592592.web306.dogado.net\/?post_type=product&#038;p=133088"},"modified":"2023-09-14T09:52:01","modified_gmt":"2023-09-14T09:52:01","slug":"stedele-multi","status":"publish","type":"product","link":"http:\/\/h592592.web306.dogado.net\/?product=stedele-multi","title":{"rendered":"Stedele MULTI"},"content":{"rendered":"<p>Serienm\u00e4\u00dfige Ausstattung. Ladefl\u00e4che nach hinten kippbar zum Befahren von Maschinen oder Fahrzeugen. Ladefl\u00e4che nach links und rechts kippbar zum Entladen von Sch\u00fcttgut. Bordw\u00e4nde seitlich abklappbar zum Be- und Entladen mit dem Stapler. Hochwertig\u00a0geschwei\u00dfte Stahl-Rahmenkonstruktion, komplett\u00a0im Tauchbad feuerverzinkt. Gummifederachse mit Einzelradaufh\u00e4ngung f\u00fcr besseren Fahrkomfort. 4-Rad gebremst mit R\u00fcckfahrautomatik. Profi Longlife Bremsseile f\u00fcr l\u00e4ngere Lebendsdauer und bessere Bremswirkung. V-Deichsel f\u00fcr besseren Fahrkomfort. Zugkugelkupplung mit Sicherheitsanzeige. Bodenplatte aus 18 mm starker, wetterfest mehrfach verleimter Siebdruckplatte, speziell rutschhemmend. Hydraulische Elektro-Pumpe mit Antriebs-Batterie und Fernbedieung, kombiniert mit Nothandpumpe, gesch\u00fctzt verBaut unter der Ladefl\u00e4che inkl. Deckel. Aluminiumbordw\u00e4nde 35 cm hoch, an zwei Seiten abklappbar und abnehmbar f\u00fcr leichtes Be- und Entladen. 25 mm stark eloxiertes Bordwandprofil, somit Best\u00e4ndig gegen Witterung und Korrosion. Massive \u00dcberfahrwand mit Alu-Riffelblechbelag. Gro\u00dfdimensionierte Sicherheitsbeleuchtung gesch\u00fctzt im Leuchtentr\u00e4ger integriert mit 13-poligen Stecker und R\u00fcckfahrscheinwerfer. Schwerlast Automatik-St\u00fctzrad. Unterlegkeile. <span style=\"text-decoration: underline. \">Ladungssicherungssystem:\u00a0. 12 Zurrb\u00fcgel innen zur Ladungssicherung. <\/p>\n","protected":false},"excerpt":{"rendered":"<p>Serienm\u00e4\u00dfige Ausstattung. Ladefl\u00e4che nach hinten kippbar zum Befahren von Maschinen oder Fahrzeugen. Ladefl\u00e4che nach links und rechts kippbar zum Entladen von Sch\u00fcttgut. Bordw\u00e4nde seitlich abklappbar zum Be- und Entladen mit dem Stapler. Hochwertig\u00a0geschwei\u00dfte Stahl-Rahmenkonstruktion, komplett\u00a0im Tauchbad feuerverzinkt. Gummifederachse mit Einzelradaufh\u00e4ngung f\u00fcr besseren Fahrkomfort. 4-Rad gebremst mit R\u00fcckfahrautomatik. Profi Longlife Bremsseile f\u00fcr l\u00e4ngere Lebendsdauer und bessere [&hellip;]<\/p>\n","protected":false},"featured_media":132079,"comment_status":"open","ping_status":"closed","template":"","meta":[],"product_cat":[233],"product_tag":[],"acf":[],"_links":{"self":[{"href":"http:\/\/h592592.web306.dogado.net\/index.php?rest_route=\/wp\/v2\/product\/133088"}],"collection":[{"href":"http:\/\/h592592.web306.dogado.net\/index.php?rest_route=\/wp\/v2\/product"}],"about":[{"href":"http:\/\/h592592.web306.dogado.net\/index.php?rest_route=\/wp\/v2\/types\/product"}],"replies":[{"embeddable":true,"href":"http:\/\/h592592.web306.dogado.net\/index.php?rest_route=%2Fwp%2Fv2%2Fcomments&post=133088"}],"wp:featuredmedia":[{"embeddable":true,"href":"http:\/\/h592592.web306.dogado.net\/index.php?rest_route=\/wp\/v2\/media\/132079"}],"wp:attachment":[{"href":"http:\/\/h592592.web306.dogado.net\/index.php?rest_route=%2Fwp%2Fv2%2Fmedia&parent=133088"}],"wp:term":[{"taxonomy":"product_cat","embeddable":true,"href":"http:\/\/h592592.web306.dogado.net\/index.php?rest_route=%2Fwp%2Fv2%2Fproduct_cat&post=133088"},{"taxonomy":"product_tag","embeddable":true,"href":"http:\/\/h592592.web306.dogado.net\/index.php?rest_route=%2Fwp%2Fv2%2Fproduct_tag&post=133088"}],"curies":[{"name":"wp","href":"https:\/\/api.w.org\/{rel}","templated":true}]}}