{"id":133095,"date":"2023-09-14T09:44:36","date_gmt":"2023-09-14T09:44:36","guid":{"rendered":"http:\/\/h592592.web306.dogado.net\/?post_type=product&#038;p=133095"},"modified":"2023-09-14T09:52:02","modified_gmt":"2023-09-14T09:52:02","slug":"drehschemelanhaenger-dreiachsig-5","status":"publish","type":"product","link":"http:\/\/h592592.web306.dogado.net\/?product=drehschemelanhaenger-dreiachsig-5","title":{"rendered":"Drehschemelanh\u00e4nger Dreiachsig"},"content":{"rendered":"<p>Serienm\u00e4\u00dfige Ausstattung. Hochwertig geschwei\u00dfte Stahl-Rahmenkonstruktion im Tauchbad feuerverzinkt. Gummifederachse mit Einzelradaufh\u00e4ngung f\u00fcr besseren Fahrkomfort. 6-Rad gebremst mit R\u00fcckfahrautomatik. Profi-Longlife Bremsseile f\u00fcr l\u00e4ngere Lebensdauer und bessere Bremswirkung. Hochwertiger, gro\u00dfdimensionierter Kugeldrehkranz. Bodenplatte 18 mm starker, wetterfest mehrfach verleimter Siebdruckplatte, speziell rutschhemmend. Bordw\u00e4nde 35 cm hoch aus eloxierten Aluminium-Bordwandprofilen mit innenliegenden Verst\u00e4rkungen. ab L\u00e4nge 6 m: serienm\u00e4\u00dfig mit geteilter Bordwand und Mittelrunge. als Plattform oder Kofferanh\u00e4nger lieferbar. Gro\u00dfdimensionierte Sicherheitsbeleuchtung gesch\u00fctzt im Leuchtentr\u00e4ger integriert mit 13-poligen Stecker und R\u00fcckfahrscheinwerfer. St\u00fctzrad. Unterlegkeile. <span style=\"text-decoration: underline. \">Ladungssicherungssystem:\u00a0. seitlich je\u00a08 Zurrb\u00fcgel innen. <\/p>\n","protected":false},"excerpt":{"rendered":"<p>Serienm\u00e4\u00dfige Ausstattung. Hochwertig geschwei\u00dfte Stahl-Rahmenkonstruktion im Tauchbad feuerverzinkt. Gummifederachse mit Einzelradaufh\u00e4ngung f\u00fcr besseren Fahrkomfort. 6-Rad gebremst mit R\u00fcckfahrautomatik. Profi-Longlife Bremsseile f\u00fcr l\u00e4ngere Lebensdauer und bessere Bremswirkung. Hochwertiger, gro\u00dfdimensionierter Kugeldrehkranz. Bodenplatte 18 mm starker, wetterfest mehrfach verleimter Siebdruckplatte, speziell rutschhemmend. Bordw\u00e4nde 35 cm hoch aus eloxierten Aluminium-Bordwandprofilen mit innenliegenden Verst\u00e4rkungen. ab L\u00e4nge 6 m: serienm\u00e4\u00dfig mit [&hellip;]<\/p>\n","protected":false},"featured_media":132093,"comment_status":"open","ping_status":"closed","template":"","meta":[],"product_cat":[237],"product_tag":[],"acf":[],"_links":{"self":[{"href":"http:\/\/h592592.web306.dogado.net\/index.php?rest_route=\/wp\/v2\/product\/133095"}],"collection":[{"href":"http:\/\/h592592.web306.dogado.net\/index.php?rest_route=\/wp\/v2\/product"}],"about":[{"href":"http:\/\/h592592.web306.dogado.net\/index.php?rest_route=\/wp\/v2\/types\/product"}],"replies":[{"embeddable":true,"href":"http:\/\/h592592.web306.dogado.net\/index.php?rest_route=%2Fwp%2Fv2%2Fcomments&post=133095"}],"wp:featuredmedia":[{"embeddable":true,"href":"http:\/\/h592592.web306.dogado.net\/index.php?rest_route=\/wp\/v2\/media\/132093"}],"wp:attachment":[{"href":"http:\/\/h592592.web306.dogado.net\/index.php?rest_route=%2Fwp%2Fv2%2Fmedia&parent=133095"}],"wp:term":[{"taxonomy":"product_cat","embeddable":true,"href":"http:\/\/h592592.web306.dogado.net\/index.php?rest_route=%2Fwp%2Fv2%2Fproduct_cat&post=133095"},{"taxonomy":"product_tag","embeddable":true,"href":"http:\/\/h592592.web306.dogado.net\/index.php?rest_route=%2Fwp%2Fv2%2Fproduct_tag&post=133095"}],"curies":[{"name":"wp","href":"https:\/\/api.w.org\/{rel}","templated":true}]}}