{"id":133096,"date":"2023-09-14T09:44:36","date_gmt":"2023-09-14T09:44:36","guid":{"rendered":"http:\/\/h592592.web306.dogado.net\/?post_type=product&#038;p=133096"},"modified":"2023-09-14T09:52:02","modified_gmt":"2023-09-14T09:52:02","slug":"maschinentransporter-stahlblech","status":"publish","type":"product","link":"http:\/\/h592592.web306.dogado.net\/?product=maschinentransporter-stahlblech","title":{"rendered":"Maschinentransporter Stahlblech"},"content":{"rendered":"<p>Serienm\u00e4\u00dfige Ausstattung. Massiv\u00a0geschwei\u00dfte Stahl-Rahmenkonstruktion, komplett\u00a0im Tauchbad feuerverzinkt. Mehrere L\u00e4ngs- und Querverstrebungen f\u00fcr hohe Stabilit\u00e4t bei punktueller Belastung. Gummifederachse mit Einzelradaufh\u00e4ngung f\u00fcr besseren Fahrkomfort. Selbstnachstellende Bremsen f\u00fcr dauerhafte Fahrsicherheit und geringe Wartungskosten. V-Deichsel f\u00fcr besseren Fahrkomfort. Zugkugelkupplung mit Sicherheitsanzeige. Schaufelablage auf der Deichsel. Stahl Auffahrschienen mit Rohrauflage und St\u00fctzb\u00fcgel verstellbar. Bodenplatte aus 18 mm starker, wetterfest mehrfach verleimter Siebdruckplatte, speziell rutschhemmend. Stahlbordw\u00e4nde 18 cm hoch, feuerverzinkt mit integrierten Zurrpunkten. Gro\u00dfdimensionierte Sicherheitsbeleuchtung gesch\u00fctzt im Leuchtentr\u00e4ger integriert mit 13-poligen Stecker und R\u00fcckfahrscheinwerfer. Schwerlast Automatik-St\u00fctzrad. Unterlegkeile. <span style=\"text-decoration: underline. \">Ladungssicherungssystem:\u00a0. 54\u00a0Zurrpunkte\u00a0zur Ladungssicherung: 10\u00a0Zurrb\u00fcgel am Boden angeschwei\u00dft. 44 Zurrpunkte in der Bordwand. <\/p>\n","protected":false},"excerpt":{"rendered":"<p>Maschinentransporter Stahlblech. <\/p>\n","protected":false},"featured_media":132101,"comment_status":"open","ping_status":"closed","template":"","meta":[],"product_cat":[143],"product_tag":[],"acf":[],"_links":{"self":[{"href":"http:\/\/h592592.web306.dogado.net\/index.php?rest_route=\/wp\/v2\/product\/133096"}],"collection":[{"href":"http:\/\/h592592.web306.dogado.net\/index.php?rest_route=\/wp\/v2\/product"}],"about":[{"href":"http:\/\/h592592.web306.dogado.net\/index.php?rest_route=\/wp\/v2\/types\/product"}],"replies":[{"embeddable":true,"href":"http:\/\/h592592.web306.dogado.net\/index.php?rest_route=%2Fwp%2Fv2%2Fcomments&post=133096"}],"wp:featuredmedia":[{"embeddable":true,"href":"http:\/\/h592592.web306.dogado.net\/index.php?rest_route=\/wp\/v2\/media\/132101"}],"wp:attachment":[{"href":"http:\/\/h592592.web306.dogado.net\/index.php?rest_route=%2Fwp%2Fv2%2Fmedia&parent=133096"}],"wp:term":[{"taxonomy":"product_cat","embeddable":true,"href":"http:\/\/h592592.web306.dogado.net\/index.php?rest_route=%2Fwp%2Fv2%2Fproduct_cat&post=133096"},{"taxonomy":"product_tag","embeddable":true,"href":"http:\/\/h592592.web306.dogado.net\/index.php?rest_route=%2Fwp%2Fv2%2Fproduct_tag&post=133096"}],"curies":[{"name":"wp","href":"https:\/\/api.w.org\/{rel}","templated":true}]}}