{"id":133097,"date":"2023-09-14T09:44:37","date_gmt":"2023-09-14T09:44:37","guid":{"rendered":"http:\/\/h592592.web306.dogado.net\/?post_type=product&#038;p=133097"},"modified":"2023-09-14T10:45:17","modified_gmt":"2023-09-14T10:45:17","slug":"tandemachser-rohrtransporter","status":"publish","type":"product","link":"http:\/\/h592592.web306.dogado.net\/?product=tandemachser-rohrtransporter","title":{"rendered":"Tandemachser Rohrtransporter"},"content":{"rendered":"<p>Stabiler, geschwei\u00dfter Stahl Grundrahmen komplett im Tauchbad feuerverzinkt. Mehrere L\u00e4ngs- und Querverstrebungen aus speziellen FahrzeugBauprofilen. Wartungsfreie Achsen mit Einzelradaufh\u00e4ngung\u00a0und wartungsfreien Compactlagern aus der Automobilindustrie f\u00fcr mehr Fahrkomfort und Fahrsicherheit. Profi Longlife Bremsseile f\u00fcr l\u00e4ngere Lebensdauer und bessere Bremswirkung. 6 Querauflagen mit Holzauflagen und seitlich ab klappbaren Rungen ca. 50 cm hoch. Zurrb\u00fcgel an den Rungen angeschwei\u00dft. Rahmen hinten an geschr\u00e4gt f\u00fcr mehr Gel\u00e4ndeg\u00e4ngigkeit. Gro\u00dfdimensioniere Sicherheitsbeleuchtung gesch\u00fctzt im Leuchtentr\u00e4ger mit R\u00fcckfahrscheinwefer und Stecker 13-pol.  Verzurrm\u00f6glichkeiten umlaufend. Letze Runge max. hinten und Abschluss Leuchtentr\u00e4ger. <\/p>\n","protected":false},"excerpt":{"rendered":"<p>Stabiler, geschwei\u00dfter Stahl Grundrahmen komplett im Tauchbad feuerverzinkt. Mehrere L\u00e4ngs- und Querverstrebungen aus speziellen FahrzeugBauprofilen. Wartungsfreie Achsen mit Einzelradaufh\u00e4ngung\u00a0und wartungsfreien Compactlagern aus der Automobilindustrie f\u00fcr mehr Fahrkomfort und Fahrsicherheit. Profi Longlife Bremsseile f\u00fcr l\u00e4ngere Lebensdauer und bessere Bremswirkung. 6 Querauflagen mit Holzauflagen und seitlich ab klappbaren Rungen ca. 50 cm hoch. Zurrb\u00fcgel an den Rungen [&hellip;]<\/p>\n","protected":false},"featured_media":0,"comment_status":"open","ping_status":"closed","template":"","meta":[],"product_cat":[181],"product_tag":[],"acf":[],"_links":{"self":[{"href":"http:\/\/h592592.web306.dogado.net\/index.php?rest_route=\/wp\/v2\/product\/133097"}],"collection":[{"href":"http:\/\/h592592.web306.dogado.net\/index.php?rest_route=\/wp\/v2\/product"}],"about":[{"href":"http:\/\/h592592.web306.dogado.net\/index.php?rest_route=\/wp\/v2\/types\/product"}],"replies":[{"embeddable":true,"href":"http:\/\/h592592.web306.dogado.net\/index.php?rest_route=%2Fwp%2Fv2%2Fcomments&post=133097"}],"wp:attachment":[{"href":"http:\/\/h592592.web306.dogado.net\/index.php?rest_route=%2Fwp%2Fv2%2Fmedia&parent=133097"}],"wp:term":[{"taxonomy":"product_cat","embeddable":true,"href":"http:\/\/h592592.web306.dogado.net\/index.php?rest_route=%2Fwp%2Fv2%2Fproduct_cat&post=133097"},{"taxonomy":"product_tag","embeddable":true,"href":"http:\/\/h592592.web306.dogado.net\/index.php?rest_route=%2Fwp%2Fv2%2Fproduct_tag&post=133097"}],"curies":[{"name":"wp","href":"https:\/\/api.w.org\/{rel}","templated":true}]}}