{"id":133111,"date":"2023-09-14T09:44:39","date_gmt":"2023-09-14T09:44:39","guid":{"rendered":"http:\/\/h592592.web306.dogado.net\/?post_type=product&#038;p=133111"},"modified":"2023-09-14T09:52:04","modified_gmt":"2023-09-14T09:52:04","slug":"universaltransporter","status":"publish","type":"product","link":"http:\/\/h592592.web306.dogado.net\/?product=universaltransporter","title":{"rendered":"Universaltransporter"},"content":{"rendered":"<p>Serienm\u00e4\u00dfige Ausstattung. Hochwertig\u00a0geschwei\u00dfte Stahl-Rahmenkonstruktion, komplett\u00a0im Tauchbad feuerverzinkt. Gummifederachse mit Einzelradaufh\u00e4ngung f\u00fcr besseren Fahrkomfort. 4-Rad gebremst mit R\u00fcckfahrautomatik. Profi Longlife Bremsseile f\u00fcr l\u00e4ngere Lebendsdauer und bessere Bremswirkung. V-Deichsel f\u00fcr besseren Fahrkomfort. Zugkugelkupplung mit Sicherheitsanzeige. Ladefl\u00e4che nach hinten abkippbar mit doppelwirkender Hydraulikanlage f\u00fcr einfaches Heben und Senken. Massive Auffahrklappe hinten mit Speziallochung f\u00fcr rutschsichere Auffahrt. 2 Rampenheber f\u00fcr leichte Bedienung der Auffahrklappe. Bodenplatte aus 18 mm starker, wetterfest mehrfach verleimter Siebdruckplatte, speziell rutschhemmend. Aluminiumbordw\u00e4nde 35 cm hoch, an zwei Seiten abklappbar und abnehmbar f\u00fcr leichtes Be- und Entladen. Stirnwand steckbar. 25 mm stark eloxiertes Bordwandprofil, somit Best\u00e4ndig gegen Witterung und Korrosion. Versenkter Stahl-Riegelverschluss, verzinkt. Stahlrungen feuerverzinkt, abnehmbar. Seilwindenhalter. Gro\u00dfdimensionierte Sicherheitsbeleuchtung gesch\u00fctzt im Leuchtentr\u00e4ger integriert mit 13-poligen Stecker und R\u00fcckfahrscheinwerfer. Schwerlast Automatik-St\u00fctzrad. Unterlegkeile. <span style=\"text-decoration: underline. \">Ladungssicherungssystem:\u00a0. 12 Zurrb\u00fcgel innen zur Ladungssicherung. <\/p>\n","protected":false},"excerpt":{"rendered":"<p>kippbar. mit \u00dcberfahrwand stehend<\/p>\n","protected":false},"featured_media":132795,"comment_status":"open","ping_status":"closed","template":"","meta":[],"product_cat":[276],"product_tag":[],"acf":[],"_links":{"self":[{"href":"http:\/\/h592592.web306.dogado.net\/index.php?rest_route=\/wp\/v2\/product\/133111"}],"collection":[{"href":"http:\/\/h592592.web306.dogado.net\/index.php?rest_route=\/wp\/v2\/product"}],"about":[{"href":"http:\/\/h592592.web306.dogado.net\/index.php?rest_route=\/wp\/v2\/types\/product"}],"replies":[{"embeddable":true,"href":"http:\/\/h592592.web306.dogado.net\/index.php?rest_route=%2Fwp%2Fv2%2Fcomments&post=133111"}],"wp:featuredmedia":[{"embeddable":true,"href":"http:\/\/h592592.web306.dogado.net\/index.php?rest_route=\/wp\/v2\/media\/132795"}],"wp:attachment":[{"href":"http:\/\/h592592.web306.dogado.net\/index.php?rest_route=%2Fwp%2Fv2%2Fmedia&parent=133111"}],"wp:term":[{"taxonomy":"product_cat","embeddable":true,"href":"http:\/\/h592592.web306.dogado.net\/index.php?rest_route=%2Fwp%2Fv2%2Fproduct_cat&post=133111"},{"taxonomy":"product_tag","embeddable":true,"href":"http:\/\/h592592.web306.dogado.net\/index.php?rest_route=%2Fwp%2Fv2%2Fproduct_tag&post=133111"}],"curies":[{"name":"wp","href":"https:\/\/api.w.org\/{rel}","templated":true}]}}