{"id":133112,"date":"2023-09-14T09:44:39","date_gmt":"2023-09-14T09:44:39","guid":{"rendered":"http:\/\/h592592.web306.dogado.net\/?post_type=product&#038;p=133112"},"modified":"2023-09-14T09:52:02","modified_gmt":"2023-09-14T09:52:02","slug":"motorrad-transporter","status":"publish","type":"product","link":"http:\/\/h592592.web306.dogado.net\/?product=motorrad-transporter","title":{"rendered":"Motorrad-Transporter"},"content":{"rendered":"<p>Serienm\u00e4\u00dfige Ausstattung. Stabil geschraubter Grundrahmen, komplett feuerverzinkt f\u00fcr mehr Stabilit\u00e4t. Gummifederachse mit Einzelradaufh\u00e4ngung f\u00fcr besseren Fahrkomfort. Dickwandiges 4-Kant Zugrohr f\u00fcr mehr Wendigkeit beim Rangieren und ruhigen Fahrkomfort. Zugkugelkupplung mit Sicherheitsanzeige. 2 Standschienen und 1 Auffahrschiene. Standschienen sind verstellbar. Gro\u00dfdimensionierte Sicherheitsbeleuchtung gesch\u00fctzt im Leuchtentr\u00e4ger integriert mit 13-poligen Stecker und R\u00fcckfahrscheinwerfer. <span style=\"text-decoration: underline. \">Ladungssicherungssystem: <span style=\"text-decoration: underline. \">. <\/p>\n","protected":false},"excerpt":{"rendered":"<p>ohne Boden. inkl. 2 Standschienen und 1 Auffahrschiene<\/p>\n","protected":false},"featured_media":132170,"comment_status":"open","ping_status":"closed","template":"","meta":[],"product_cat":[79],"product_tag":[],"acf":[],"_links":{"self":[{"href":"http:\/\/h592592.web306.dogado.net\/index.php?rest_route=\/wp\/v2\/product\/133112"}],"collection":[{"href":"http:\/\/h592592.web306.dogado.net\/index.php?rest_route=\/wp\/v2\/product"}],"about":[{"href":"http:\/\/h592592.web306.dogado.net\/index.php?rest_route=\/wp\/v2\/types\/product"}],"replies":[{"embeddable":true,"href":"http:\/\/h592592.web306.dogado.net\/index.php?rest_route=%2Fwp%2Fv2%2Fcomments&post=133112"}],"wp:featuredmedia":[{"embeddable":true,"href":"http:\/\/h592592.web306.dogado.net\/index.php?rest_route=\/wp\/v2\/media\/132170"}],"wp:attachment":[{"href":"http:\/\/h592592.web306.dogado.net\/index.php?rest_route=%2Fwp%2Fv2%2Fmedia&parent=133112"}],"wp:term":[{"taxonomy":"product_cat","embeddable":true,"href":"http:\/\/h592592.web306.dogado.net\/index.php?rest_route=%2Fwp%2Fv2%2Fproduct_cat&post=133112"},{"taxonomy":"product_tag","embeddable":true,"href":"http:\/\/h592592.web306.dogado.net\/index.php?rest_route=%2Fwp%2Fv2%2Fproduct_tag&post=133112"}],"curies":[{"name":"wp","href":"https:\/\/api.w.org\/{rel}","templated":true}]}}